{"id":656,"date":"2025-10-19T10:39:01","date_gmt":"2025-10-19T10:39:01","guid":{"rendered":"https:\/\/graficacode.cl\/?post_type=product&#038;p=656"},"modified":"2025-10-19T10:39:02","modified_gmt":"2025-10-19T10:39:02","slug":"impresion-fotografia-color-tamano-a4-115-grs","status":"publish","type":"product","link":"https:\/\/graficacode.cl\/index.php\/producto\/impresion-fotografia-color-tamano-a4-115-grs\/","title":{"rendered":"Impresi\u00f3n Fotograf\u00eda color tama\u00f1o A4 115 grs"},"content":{"rendered":"<p>Impresi\u00f3n de im\u00e1genes digitales en tama\u00f1o A4 o menores en papel de impresi\u00f3n fotogr\u00e1fica de alta calidad y resoluci\u00f3n.<\/p>\n<ul>\n<li>Papel fotogr\u00e1fico brillante color Tama\u00f1o A4 (incluye tama\u00f1o menores)<\/li>\n<li>115 Grs.<\/li>\n<\/ul>\n","protected":false},"excerpt":{"rendered":"<p>Impresi\u00f3n de im\u00e1genes digitales en tama\u00f1o A4 o menores en papel de impresi\u00f3n fotogr\u00e1fica de alta calidad y resoluci\u00f3n.<\/p>\n<ul>\n<li>Papel fotogr\u00e1fico brillante color Tama\u00f1o A4 (incluye tama\u00f1o menores)<\/li>\n<li>115 Grs.<\/li>\n<\/ul>\n","protected":false},"featured_media":657,"template":"","meta":[],"product_brand":[],"product_cat":[52],"product_tag":[],"class_list":{"0":"post-656","1":"product","2":"type-product","3":"status-publish","4":"has-post-thumbnail","6":"product_cat-diseno-grafico","8":"first","9":"instock","10":"taxable","11":"shipping-taxable","12":"purchasable","13":"product-type-simple"},"jetpack_sharing_enabled":true,"_links":{"self":[{"href":"https:\/\/graficacode.cl\/index.php\/wp-json\/wp\/v2\/product\/656","targetHints":{"allow":["GET"]}}],"collection":[{"href":"https:\/\/graficacode.cl\/index.php\/wp-json\/wp\/v2\/product"}],"about":[{"href":"https:\/\/graficacode.cl\/index.php\/wp-json\/wp\/v2\/types\/product"}],"wp:featuredmedia":[{"embeddable":true,"href":"https:\/\/graficacode.cl\/index.php\/wp-json\/wp\/v2\/media\/657"}],"wp:attachment":[{"href":"https:\/\/graficacode.cl\/index.php\/wp-json\/wp\/v2\/media?parent=656"}],"wp:term":[{"taxonomy":"product_brand","embeddable":true,"href":"https:\/\/graficacode.cl\/index.php\/wp-json\/wp\/v2\/product_brand?post=656"},{"taxonomy":"product_cat","embeddable":true,"href":"https:\/\/graficacode.cl\/index.php\/wp-json\/wp\/v2\/product_cat?post=656"},{"taxonomy":"product_tag","embeddable":true,"href":"https:\/\/graficacode.cl\/index.php\/wp-json\/wp\/v2\/product_tag?post=656"}],"curies":[{"name":"wp","href":"https:\/\/api.w.org\/{rel}","templated":true}]}}