{"id":602,"date":"2025-09-05T00:25:11","date_gmt":"2025-09-05T00:25:11","guid":{"rendered":"https:\/\/graficacode.cl\/index.php\/producto\/servicio-fotografia\/"},"modified":"2025-10-19T10:19:29","modified_gmt":"2025-10-19T10:19:29","slug":"servicio-fotografia","status":"publish","type":"product","link":"https:\/\/graficacode.cl\/index.php\/producto\/servicio-fotografia\/","title":{"rendered":"servicio fotograf\u00eda Productos &#8211; Eventos &#8211; Propiedades"},"content":{"rendered":"<p><strong>Servicio de fotograf\u00eda y edici\u00f3n digital:<\/strong><\/p>\n<p>1.- Se realiza una reuni\u00f3n para planificar el trabajo de un tiempo aproximado de 1 hora. El objetivo es saber las necesidades del cliente y desarrollar un proyecto a medida.<\/p>\n<p>2.- Realizaci\u00f3n de la sesi\u00f3n de fotograf\u00edas Digital<\/p>\n<p>3.- Edici\u00f3n Digital con Adobe Lightroom<\/p>\n<p>4.- Reuni\u00f3n post producci\u00f3n para revisar los \u00faltimos detalles antes de entregar el servicio.<\/p>\n<p>5.- Entrega de portafolio digital, variante de entregar impreso<\/p>\n<p>&nbsp;<\/p>\n<p><em>** El valor publicado es el m\u00ednimo en las reuniones se ajustar\u00e1 de acuerdo a las horas de trabajo pactadas tanto en el desarrollo de evento como la post producci\u00f3n.<\/em><\/p>\n<p><em>** Las l\u00edenas tem\u00e1ticas son propiedades, productos y eventos que no atenten contra la integridad de las personas, animales y medio ambiente.<\/em><\/p>\n","protected":false},"excerpt":{"rendered":"<p><strong>Servicio de fotograf\u00eda y edici\u00f3n digital:<\/strong><\/p>\n<p>1.- Se realiza una reuni\u00f3n para planificar el trabajo de un tiempo aproximado de 1 hora. El objetivo es saber las necesidades del cliente y desarrollar un proyecto a medida.<\/p>\n<p>2.- Realizaci\u00f3n de la sesi\u00f3n de fotograf\u00edas Digital<\/p>\n<p>3.- Edici\u00f3n Digital con Adobe Lightroom<\/p>\n<p>4.- Reuni\u00f3n post producci\u00f3n para revisar los \u00faltimos detalles antes de entregar el servicio.<\/p>\n<p>5.- Entrega de portafolio digital, variante de entregar impreso<\/p>\n<p>&nbsp;<\/p>\n<p><em>** El valor publicado es el m\u00ednimo en las reuniones se ajustar\u00e1 de acuerdo a las horas de trabajo pactadas tanto en el desarrollo de evento como la post producci\u00f3n.<\/em><\/p>\n<p><em>** Las l\u00edenas tem\u00e1ticas son propiedades, productos y eventos que no atenten contra la integridad de las personas, animales y medio ambiente.<\/em><\/p>\n","protected":false},"featured_media":606,"template":"","meta":[],"product_brand":[],"product_cat":[53],"product_tag":[58,56,60,63,59,61,57,62],"class_list":{"0":"post-602","1":"product","2":"type-product","3":"status-publish","4":"has-post-thumbnail","6":"product_cat-sistemas","7":"product_tag-edicion-digital","8":"product_tag-fotografia","9":"product_tag-fotografia-eventos","10":"product_tag-fotografia-ovalle","11":"product_tag-fotografia-productos","12":"product_tag-fotografiapropiedades","13":"product_tag-lightroom","14":"product_tag-ovalle","16":"first","17":"instock","18":"taxable","19":"shipping-taxable","20":"purchasable","21":"product-type-simple"},"jetpack_sharing_enabled":true,"_links":{"self":[{"href":"https:\/\/graficacode.cl\/index.php\/wp-json\/wp\/v2\/product\/602","targetHints":{"allow":["GET"]}}],"collection":[{"href":"https:\/\/graficacode.cl\/index.php\/wp-json\/wp\/v2\/product"}],"about":[{"href":"https:\/\/graficacode.cl\/index.php\/wp-json\/wp\/v2\/types\/product"}],"wp:featuredmedia":[{"embeddable":true,"href":"https:\/\/graficacode.cl\/index.php\/wp-json\/wp\/v2\/media\/606"}],"wp:attachment":[{"href":"https:\/\/graficacode.cl\/index.php\/wp-json\/wp\/v2\/media?parent=602"}],"wp:term":[{"taxonomy":"product_brand","embeddable":true,"href":"https:\/\/graficacode.cl\/index.php\/wp-json\/wp\/v2\/product_brand?post=602"},{"taxonomy":"product_cat","embeddable":true,"href":"https:\/\/graficacode.cl\/index.php\/wp-json\/wp\/v2\/product_cat?post=602"},{"taxonomy":"product_tag","embeddable":true,"href":"https:\/\/graficacode.cl\/index.php\/wp-json\/wp\/v2\/product_tag?post=602"}],"curies":[{"name":"wp","href":"https:\/\/api.w.org\/{rel}","templated":true}]}}