{"id":598,"date":"2025-09-04T23:55:52","date_gmt":"2025-09-04T23:55:52","guid":{"rendered":"https:\/\/graficacode.cl\/index.php\/producto\/plan-intermedio-emprende-digital\/"},"modified":"2025-10-19T10:56:16","modified_gmt":"2025-10-19T10:56:16","slug":"plan-intermedio-emprende-digital","status":"publish","type":"product","link":"https:\/\/graficacode.cl\/index.php\/producto\/plan-intermedio-emprende-digital\/","title":{"rendered":"P\u00e1gina web &#8211; Plan Intermedio Emprende Digital"},"content":{"rendered":"<p>Destinado a emprendedores que quieran aumentar su visibilidad en p\u00e1ginas web, teniendo en claro que en redes sociales los usuarios se mueven mas por curiosidad, e cambio a trav\u00e9s de los motores de b\u00fasqueda los sitios web son accedidos por personas que tienen la intenci\u00f3n de compra.<\/p>\n<p>Incluye:<\/p>\n<ul>\n<li>Gesti\u00f3n para disponer de dominio .cl\u00a0 (costo anual incluido)<\/li>\n<li>Gesti\u00f3n para alojar el sitio web en empresa de hosting l\u00edder en el mercado nacional (costo anual incluido) espacio dedicado 4 GB<\/li>\n<li>Sitio web autoadministrable<\/li>\n<li>P\u00e1gina principal con e-commerce y asesoria en la activaci\u00f3n de la cuenta de cobro.<\/li>\n<li>V\u00ednculos a redes sociales<\/li>\n<li>Capacitaci\u00f3n para que se pueda monitorear y realizar operaciones desde el tel\u00e9fono m\u00f3vil (smartphone)<\/li>\n<\/ul>\n<p>** Si requiere el servicio de fotograf\u00edas y otros adicionales, no va incluido, pero si adquiere este producto se realiza un servicio preferencial en tiempo de trabajo y rebaja en el precio final a cobrar. Lo cual se pactar\u00e1 en la reuni\u00f3n informativa.<\/p>\n<p>** Una vez echo el pago nosotros nos contactamos con usted y comenzamos el proceso de acompa\u00f1amiento.<\/p>\n<p>&nbsp;<\/p>\n","protected":false},"excerpt":{"rendered":"<p>Destinado a emprendedores que quieran aumentar su visibilidad en p\u00e1ginas web, teniendo en claro que en redes sociales los usuarios se mueven mas por curiosidad, e cambio a trav\u00e9s de los motores de b\u00fasqueda los sitios web son accedidos por personas que tienen la intenci\u00f3n de compra.<\/p>\n<p>Incluye:<\/p>\n<ul>\n<li>Gesti\u00f3n para disponer de dominio .cl\u00a0 (costo anual incluido)<\/li>\n<li>Gesti\u00f3n para alojar el sitio web en empresa de hosting l\u00edder en el mercado nacional (costo anual incluido) espacio dedicado 4 GB<\/li>\n<li>Sitio web autoadministrable<\/li>\n<li>Enlace a e-commerce y asesoria en la activaci\u00f3n de la cuenta de cobro.<\/li>\n<li>V\u00ednculos a redes sociales<\/li>\n<li>Capacitaci\u00f3n para que se pueda monitorear y realizar operaciones desde el tel\u00e9fono m\u00f3vil (smartphone)<\/li>\n<\/ul>\n<p>** Si requiere el servicio de fotograf\u00edas y otros adicionales, no va incluido, pero si adquiere este producto se realiza un servicio preferencial en tiempo de trabajo y rebaja en el precio final a cobrar. Lo cual se pactar\u00e1 en la reuni\u00f3n informativa.<\/p>\n<p>** Una vez echo el pago nosotros nos contactamos con usted y comenzamos el proceso de acompa\u00f1amiento.<\/p>\n<p>&nbsp;<\/p>\n","protected":false},"featured_media":647,"template":"","meta":[],"product_brand":[],"product_cat":[55],"product_tag":[],"class_list":{"0":"post-598","1":"product","2":"type-product","3":"status-publish","4":"has-post-thumbnail","6":"product_cat-diseno-web","7":"futurio-has-gallery","9":"first","10":"instock","11":"sale","12":"taxable","13":"shipping-taxable","14":"purchasable","15":"product-type-simple"},"jetpack_sharing_enabled":true,"_links":{"self":[{"href":"https:\/\/graficacode.cl\/index.php\/wp-json\/wp\/v2\/product\/598","targetHints":{"allow":["GET"]}}],"collection":[{"href":"https:\/\/graficacode.cl\/index.php\/wp-json\/wp\/v2\/product"}],"about":[{"href":"https:\/\/graficacode.cl\/index.php\/wp-json\/wp\/v2\/types\/product"}],"wp:featuredmedia":[{"embeddable":true,"href":"https:\/\/graficacode.cl\/index.php\/wp-json\/wp\/v2\/media\/647"}],"wp:attachment":[{"href":"https:\/\/graficacode.cl\/index.php\/wp-json\/wp\/v2\/media?parent=598"}],"wp:term":[{"taxonomy":"product_brand","embeddable":true,"href":"https:\/\/graficacode.cl\/index.php\/wp-json\/wp\/v2\/product_brand?post=598"},{"taxonomy":"product_cat","embeddable":true,"href":"https:\/\/graficacode.cl\/index.php\/wp-json\/wp\/v2\/product_cat?post=598"},{"taxonomy":"product_tag","embeddable":true,"href":"https:\/\/graficacode.cl\/index.php\/wp-json\/wp\/v2\/product_tag?post=598"}],"curies":[{"name":"wp","href":"https:\/\/api.w.org\/{rel}","templated":true}]}}