{"id":17,"date":"2025-06-09T13:29:00","date_gmt":"2025-06-09T13:29:00","guid":{"rendered":"https:\/\/graficacode.cl\/index.php\/front_page\/"},"modified":"2025-09-02T17:00:44","modified_gmt":"2025-09-02T17:00:44","slug":"front_page","status":"publish","type":"page","link":"https:\/\/graficacode.cl\/index.php\/front_page\/","title":{"rendered":"Inicio"},"content":{"rendered":"\n\n\n\n\n\nAsesor\u00eda\n\n\n\nOfrecemos servicios de asesor\u00eda corporativa integral.\n\n\n\n\n\n\n\nDise\u00f1o Web\n\n\n\nCreamos sitios web modernos y atractivos para su organizaci\u00f3n.\n\n\n\n\n\n\n\nDise\u00f1o Gr\u00e1fico\n\n\n\nTransformamos sus ideas en dise\u00f1os gr\u00e1ficos impactantes y memorables.\n\n\n\n\n\n\n\nVisi\u00f3n Estrat\u00e9gica\n\n\n\nNuestro equipo experto  ayuda a potenciar la gesti\u00f3n de tu organizaci\u00f3n\n\n\n\n\n\n\n\n\n\nServicios Destacados\n\n\n\n\n\nNuestros servicios de dise\u00f1o gr\u00e1fico te ayudar\u00e1n a diferenciar tu marca y sobresalir en el mercado.\n\n\n\nEn Proyecto Gr\u00e1fica CODE, nos comprometemos a ofrecer soluciones creativas e innovadoras para tus necesidades de dise\u00f1o.\n\n\n\n\nVer M\u00e1s\n\n\n\n\n\n\n\n\n\n\n\n\nNuestros Servicios\n\n\n\n\n\nDesarrollo web, nos hacemos cargo de todo lo que necesites\n\n\n\n\n\n\n\n\n\n\n\nDesarrollo Web\n\n\n\nDamos vida a tu organizaci\u00f3n a trav\u00e9s sitios web a medida y autoadministrables\n\n\n\n\nM\u00e1s Info\n\n\n\n\n\n\n\n\n\n\nDise\u00f1o de Sistemas\n\n\n\nDesarrollo de sistemas a medida para la mejor gesti\u00f3n de tu informaci\u00f3n. Programaci\u00f3n Full Stack\n\n\n\n\nM\u00e1s Info\n\n\n\n\n\n\n\n\n\n\nDise\u00f1o Gr\u00e1fico\n\n\n\nLlega a tu p\u00fablico objetivo con nuestros productos y estrategias.\n\n\n\n\nM\u00e1s Info\n\n\n\n\n\n\n\n\n\n\n\n\nAsesores Creativos\n\n\n\n\n\nNuestro equipo est\u00e1 capacitado para ofrecerte la mejor experiencia desarrollo web.\n\n\n\nTrabajaremos de cerca contigo para entender tus necesidades y ofrecerte soluciones personalizadas que impulsen tu Organizaci\u00f3n.\n\n\n\n\nDescubre m\u00e1s\n\n\n\n\n\n\n\n\n\n\nDise\u00f1o Funcional\n\n\n\n\n\nEn Proyecto Gr\u00e1fica CODE nos enfocamos en crear dise\u00f1os eficientes  y eficaces,\n\n\n\nque se adapten a tu organizaci\u00f3n y te ayuden a destacar en tu mercado.\n\n\n\n\nVer Ejemplos\n\n\n\n\n\n\n\n\n\n\n\n\nServicios Destacados\n\n\n\n\n\nOfrecemos una amplia gama de servicios de dise\u00f1o gr\u00e1fico para satisfacer las necesidades de nuestros clientes.\n\n\n\n\n\n\n\n\n\n\n\nDise\u00f1o de Logos\n\n\n\nCreamos dise\u00f1os \u00fanicos y representativos de tu marca para dejar una impresi\u00f3n duradera en tus clientes.\n\n\n\n\n\n\n\nDise\u00f1o de P\u00e1ginas Web\n\n\n\nDesarrollamos sitios web profesionales y atractivos, optimizados para una experiencia de usuario excepcional.\n\n\n\n\n\n\n\nDise\u00f1o Gr\u00e1fico\n\n\n\nDesde tarjetas de presentaci\u00f3n hasta volantes y carteles, nuestro equipo puede crear piezas gr\u00e1ficas impactantes y personalizadas.\n\n\n\n\n\n\n\nAsesor\u00eda\n\n\n\nDale a tu empresa una imagen profesional y coherente.\n\n\n\n\n\n\n\nComunicaci\u00f3n, Asesor\u00eda y Capacitaci\u00f3n\n\n\n\nCapacitamos en temas empresariales,   estrat\u00e9gicos, costos y beneficios.\n\n\n\n\n\n\n\nDesarrollo de software\n\n\n\nOfrecemos una amplia gama de soluciones de dise\u00f1o personalizado de software, para ayudarte a destacar en el mercado. Programaci\u00f3n Full Stack.\n\n\n\n\n\n\n\n\n\n\n\nTecnolog\u00edas utilizadas\n\n\n\n\n\nPara el desarrollo de proyectos de calidad apoyamos nuestro trabajo en las siguientes tecnolog\u00edas\n\n\n\n\n\n\n\n\n\nWordpress\n\n\n\nSistEMA gESTI\u00d3N DE coNTENIDO\n\n\n\n\n\n\n\nJoomla\n\n\n\nSISTEMA DE GESTION DE CONTENIDO\n\n\n\n\n\n\n\nInteligencia Artificial\n\n\n\nAPrENDIZAJE Y RAZONAMIENTO\n\n\n\n\n\n\n\n\n\nPhotoshop\n\n\n\nsoftware edici\u00f3n im\u00e1genes\n\n\n\n\n\n\n\nLightroom\n\n\n\nSOftware edici\u00f3n fotograf\u00edas\n\n\n\n\n\n\n\nAdobe Ilustrator\n\n\n\nsoftware dise\u00f1o gr\u00e1fico\n\n\n\n\n\n\n\n\n\nPhp\n\n\n\nLenguaje de programaci\u00f3n\n\n\n\n\n\n\n\nMysql\n\n\n\nBase de datos\n\n\n\n\n\n\n\nPostgreSQL\n\n\n\nbase de datos\n\n\n\n\n\n\n\n\n\nBootstrap\n\n\n\nframework\n\n\n\n\n\n\n\nHTML5\n\n\n\nLENGUAJE HIPERTEXTO\n\n\n\n\n\n\n\nApacheServer\n\n\n\nServidor\n\n\n\n\n\n\n\n\n\n\u00a1\u00danete a Proyecto Gr\u00e1fica CODE!\n\n\n\n\u00bfListo para llevar tu presencia en l\u00ednea al siguiente nivel?\n\n\n\n\n\n\n\u00danete\n\n\n\n\n\n\n\n\n\n\nExplora nuestra impresionante cartera de proyectos\n\n\n\n\n\nDescubre c\u00f3mo hemos ayudado a organizaciones y personas  a lograr sus objetivos comunicacionales.\n\n\n\n\n\n\n\n\n\n\n\n\n\n\n\n\n\n\n\n\n\n\n\nBlog recientes\n\n\n\n\n\n\nVer m\u00e1s\n\n\n\n\n\n\n\n\n\n\n\n\n\n\n\n\n\n\n\n\n\nRead more\n\n\n\n\n\n\n\n\n\n\n\n\n\n\nWebs desarrolladas\n\n\n\n\n\nProyectos web para organizaciones y emprendimientos que permiten e-commerce. Sistema de gesti\u00f3n integrados, sistemas  de informaci\u00f3n, sistemas  de gesti\u00f3n de la producci\u00f3n y comercio electr\u00f3nico.\n\n\n\n\n\n\n\n\n\n\n\n\n\n\n\n\n\n\n\n\n\n\n\n\n\n\n\n\n\n\n\n\n\n\n\n\n\n\n\n\n\n\n\nSoftware a medida\n\n\n\n\n\nDesarrollos en arquitectura cliente-servidor, con php &#8211; mysql &#8211; postgreSQL &#8211; Bootstrap &#8211; html5\n\n\n\n\n\n\n\n\n\n\n\n\n\n<strong>Sistema de Gesti\u00f3n Escolar<\/strong>, incluye sesi\u00f3n de apoderados, estudiantes, docentes, asistentes, directivos y sostenedor.\n\n\n\nDesarrollo personalizado\n\n\n\n\n\n\n\n\n\n\n\n<strong>Sistema de inventarios<\/strong>, para departamentos utilizando tarjetas de existencia y como m\u00e9todo de costeo el Precio Promedio Ponderado\n\n\n\nDise\u00f1o a medida\n\n\n\n\n\n\n\n\n\n\n\n<strong>Sistema de administraci\u00f3n<\/strong> <strong>de la producci\u00f3n<\/strong>,  usando los conceptos de presupuesto maestro en la empresa manufacturera, tarjetas de existencia y Precio Promedio Ponderado\n\n\n\nDise\u00f1o a medida\n\n\n\n\n\n\n\n\n\n\u00a1Listo para comenzar!\n\n\n\n\n\ngraficacode.cl es un proyecto de Empresas de Servicios Comunicacionales, Gr\u00e1ficos, Inform\u00e1ticos y Otros SPA. RUT 78.204.275-0\n\n\n\n<br>@graficacode.cl \n\n\n\n<br>Villa Bicentenario \u2013 Diputado Francisco Encina 2331 \n\n\n\n\n+56 9 3627 2579\n\n\n\ngraficacode.cl@gmail.com\n\n\n\nOvalle &#8211; Chile\n\n\n\n\n\n\n","protected":false},"excerpt":{"rendered":"","protected":false},"author":2,"featured_media":223,"parent":0,"menu_order":0,"comment_status":"closed","ping_status":"closed","template":"","meta":{"footnotes":""},"class_list":["post-17","page","type-page","status-publish","has-post-thumbnail","hentry"],"jetpack_sharing_enabled":true,"_links":{"self":[{"href":"https:\/\/graficacode.cl\/index.php\/wp-json\/wp\/v2\/pages\/17","targetHints":{"allow":["GET"]}}],"collection":[{"href":"https:\/\/graficacode.cl\/index.php\/wp-json\/wp\/v2\/pages"}],"about":[{"href":"https:\/\/graficacode.cl\/index.php\/wp-json\/wp\/v2\/types\/page"}],"author":[{"embeddable":true,"href":"https:\/\/graficacode.cl\/index.php\/wp-json\/wp\/v2\/users\/2"}],"replies":[{"embeddable":true,"href":"https:\/\/graficacode.cl\/index.php\/wp-json\/wp\/v2\/comments?post=17"}],"version-history":[{"count":32,"href":"https:\/\/graficacode.cl\/index.php\/wp-json\/wp\/v2\/pages\/17\/revisions"}],"predecessor-version":[{"id":590,"href":"https:\/\/graficacode.cl\/index.php\/wp-json\/wp\/v2\/pages\/17\/revisions\/590"}],"wp:featuredmedia":[{"embeddable":true,"href":"https:\/\/graficacode.cl\/index.php\/wp-json\/wp\/v2\/media\/223"}],"wp:attachment":[{"href":"https:\/\/graficacode.cl\/index.php\/wp-json\/wp\/v2\/media?parent=17"}],"curies":[{"name":"wp","href":"https:\/\/api.w.org\/{rel}","templated":true}]}}